{"id":39,"date":"2019-11-14T09:22:14","date_gmt":"2019-11-14T02:22:14","guid":{"rendered":"http:\/\/maytinh2.maugiaodien.com\/?page_id=39"},"modified":"2025-12-01T16:38:26","modified_gmt":"2025-12-01T09:38:26","slug":"gioi-thieu","status":"publish","type":"page","link":"https:\/\/blackslate.vn\/?page_id=39","title":{"rendered":"Gi\u1edbi thi\u1ec7u"},"content":{"rendered":"\n\t<section class=\"section\" id=\"section_1252509784\">\n\t\t<div class=\"section-bg fill\" >\n\t\t\t\t\t\t\t\t\t\n\t\t\t\n\n\t\t<\/div>\n\n\t\t\n\n\t\t<div class=\"section-content relative\">\n\t\t\t\n<div class=\"row\"  id=\"row-844836723\">\n\n\t<div id=\"col-994277631\" class=\"col small-12 large-12\"  >\n\t\t\t\t<div class=\"col-inner\"  >\n\t\t\t\n\t\t\t\n\t<div id=\"text-2394734403\" class=\"text\">\n\t\t\n<h1 style=\"text-align: center;\">GI\u1edaI THI\u1ec6U C\u00d4NG TY<\/h1>\n<div>\n<div><strong>C\u00f4ng ty TNHH T\u1eadp \u0110o\u00e0n XD v\u00e0 Th\u01b0\u01a1ng m\u1ea1i Hoa Ng\u1ecdc Minh<\/strong>\u00a0xin g\u1eedi l\u1eddi c\u1ea3m \u01a1n \u0111\u1ebfn Quy kh\u00e1ch h\u00e0ng, Qu\u00fd \u0111\u1ed1i t\u00e1c \u0111\u00e3 lu\u00f4n tin t\u01b0\u1edfng v\u00e0 \u0111\u1ed3ng h\u00e0nh c\u00f9ng ch\u00fang t\u00f4i su\u1ed1t th\u1eddi gian qua.<\/div>\n<div><strong>C\u00f4ng ty TNHH T\u1eadp \u0110o\u00e0n XD v\u00e0 Th\u01b0\u01a1ng m\u1ea1i Hoa Ng\u1ecdc Minh\u00a0<\/strong>c\u00f3 \u0111\u1ecba ch\u1ec9 t\u1ea1i s\u1ed1 51 ng\u00f5 126 ph\u1ed1 H\u00e0o Nam, Ph\u01b0\u1eddng \u00d4 Ch\u1ee3 D\u1eeba, H\u00e0 N\u1ed9i l\u00e0 \u0111\u01a1n v\u1ecb l\u1edbn nh\u1ea5t t\u1ea1i Vi\u1ec7t Nam ho\u1ea1t \u0111\u1ed9ng trong l\u0129nh v\u1ef1c khai th\u00e1c v\u00e0 cung c\u1ea5p \u0110\u00e1 Lai Ch\u00e2u (\u0110\u00e1 phi\u1ebfn, Slate, Ardoise). C\u00e1c s\u1ea3n ph\u1ea9m \u0110\u00e1 Lai Ch\u00e2u \u0111\u00e3 \u0111\u01b0\u1ee3c s\u1eed d\u1ee5ng cho c\u00e1c c\u00f4ng tr\u00ecnh d\u1ef1 \u00e1n cao c\u1ea5p nh\u01b0: Nh\u00e0 h\u00e1t l\u1edbn H\u00e0 N\u1ed9i, Nh\u00e0 h\u00e1t l\u1edbn TP. H\u1ed3 Ch\u00ed Minh, bi\u1ec7t th\u1ef1, l\u00e2u \u0111\u00e0i, kh\u00e1ch s\u1ea1n, resort,\u2026<\/div>\n<div>C\u00e1c s\u1ea3n ph\u1ea9m \u0111\u00e1 Lai Ch\u00e2u c\u1ee7a c\u00f4ng ty \u0111\u01b0\u1ee3c khai th\u00e1c v\u00e0 s\u1ea3n xu\u1ea5t theo ti\u00eau chu\u1ea9n ch\u1ea5t l\u01b0\u1ee3ng Vi\u1ec7t Nam v\u00e0 qu\u1ed1c t\u1ebf, \u0111\u01b0\u1ee3c ki\u1ec3m tra nghi\u00eam ng\u1eb7t trong t\u1eebng quy tr\u00ecnh s\u1ea3n xu\u1ea5t. \u0110\u1ea3m b\u1ea3o cung c\u1ea5p c\u00e1c s\u1ea3n ph\u1ea9m ch\u1ea5t l\u01b0\u1ee3ng v\u00e0 th\u1ea9m m\u1ef9 cao.<\/div>\n<\/div>\n<div style=\"text-align: left;\">\u00a0<\/div>\n<div style=\"text-align: left;\"><em><strong>Tr\u00e2n tr\u1ecdng c\u1ea3m \u01a1n v\u00e0 r\u1ea5t mong h\u1ee3p t\u00e1c!<\/strong><\/em><\/div>\n<p>\u00a0<\/p>\n\t\t\n<style>\n#text-2394734403 {\n  text-align: left;\n}\n<\/style>\n\t<\/div>\n\t\n\t<div class=\"img has-hover x md-x lg-x y md-y lg-y\" id=\"image_1797789464\">\n\t\t\t\t\t\t\t\t<div class=\"img-inner dark\" >\n\t\t\t<img loading=\"lazy\" decoding=\"async\" width=\"1020\" height=\"584\" src=\"https:\/\/blackslate.vn\/wp-content\/uploads\/2025\/12\/nhahatlon-1024x586.webp\" class=\"attachment-large size-large\" alt=\"\" srcset=\"https:\/\/blackslate.vn\/wp-content\/uploads\/2025\/12\/nhahatlon-1024x586.webp 1024w, https:\/\/blackslate.vn\/wp-content\/uploads\/2025\/12\/nhahatlon-300x172.webp 300w, https:\/\/blackslate.vn\/wp-content\/uploads\/2025\/12\/nhahatlon-768x439.webp 768w, https:\/\/blackslate.vn\/wp-content\/uploads\/2025\/12\/nhahatlon-1536x878.webp 1536w, https:\/\/blackslate.vn\/wp-content\/uploads\/2025\/12\/nhahatlon.webp 1920w\" sizes=\"auto, (max-width: 1020px) 100vw, 1020px\" \/>\t\t\t\t\t\t\n\t\t\t\t\t<\/div>\n\t\t\t\t\t\t\t\t\n<style>\n#image_1797789464 {\n  width: 100%;\n}\n<\/style>\n\t<\/div>\n\t\n\t\t<\/div>\n\t\t\t\t\t<\/div>\n\n\t\n<\/div>\n\t\t<\/div>\n\n\t\t\n<style>\n#section_1252509784 {\n  padding-top: 30px;\n  padding-bottom: 30px;\n}\n<\/style>\n\t<\/section>\n\t\n","protected":false},"excerpt":{"rendered":"","protected":false},"author":2,"featured_media":0,"parent":0,"menu_order":0,"comment_status":"closed","ping_status":"closed","template":"page-blank.php","meta":{"_acf_changed":false,"footnotes":""},"class_list":["post-39","page","type-page","status-publish","hentry"],"acf":[],"_links":{"self":[{"href":"https:\/\/blackslate.vn\/index.php?rest_route=\/wp\/v2\/pages\/39","targetHints":{"allow":["GET"]}}],"collection":[{"href":"https:\/\/blackslate.vn\/index.php?rest_route=\/wp\/v2\/pages"}],"about":[{"href":"https:\/\/blackslate.vn\/index.php?rest_route=\/wp\/v2\/types\/page"}],"author":[{"embeddable":true,"href":"https:\/\/blackslate.vn\/index.php?rest_route=\/wp\/v2\/users\/2"}],"replies":[{"embeddable":true,"href":"https:\/\/blackslate.vn\/index.php?rest_route=%2Fwp%2Fv2%2Fcomments&post=39"}],"version-history":[{"count":12,"href":"https:\/\/blackslate.vn\/index.php?rest_route=\/wp\/v2\/pages\/39\/revisions"}],"predecessor-version":[{"id":5803,"href":"https:\/\/blackslate.vn\/index.php?rest_route=\/wp\/v2\/pages\/39\/revisions\/5803"}],"wp:attachment":[{"href":"https:\/\/blackslate.vn\/index.php?rest_route=%2Fwp%2Fv2%2Fmedia&parent=39"}],"curies":[{"name":"wp","href":"https:\/\/api.w.org\/{rel}","templated":true}]}}