{"id":5085,"date":"2025-03-18T18:03:02","date_gmt":"2025-03-18T11:03:02","guid":{"rendered":"https:\/?page_id=5085"},"modified":"2025-11-29T22:05:55","modified_gmt":"2025-11-29T15:05:55","slug":"bang-gia-thi-cong","status":"publish","type":"page","link":"https:\/\/blackslate.vn\/?page_id=5085","title":{"rendered":"B\u1ea3ng gi\u00e1 thi c\u00f4ng"},"content":{"rendered":"\n\t<section class=\"section\" id=\"section_842584992\">\n\t\t<div class=\"section-bg fill\" >\n\t\t\t\t\t\t\t\t\t\n\t\t\t\n\n\t\t<\/div>\n\n\t\t\n\n\t\t<div class=\"section-content relative\">\n\t\t\t\n\n  <div class=\"banner has-hover\" id=\"banner-461577135\">\n          <div class=\"banner-inner fill\">\n        <div class=\"banner-bg fill\" >\n            <img loading=\"lazy\" decoding=\"async\" width=\"1000\" height=\"500\" src=\"https:\/\/blackslate.vn\/wp-content\/uploads\/2025\/11\/mai-da-lai-chau-khong-bi-axit-an-mon-1.jpg\" class=\"bg attachment-large size-large\" alt=\"\" \/>                                    \n                    <\/div>\n\t\t\n        <div class=\"banner-layers container\">\n            <div class=\"fill banner-link\"><\/div>            \n   <div id=\"text-box-1883548943\" class=\"text-box banner-layer x50 md-x50 lg-x50 y50 md-y50 lg-y50 res-text\">\n                                <div class=\"text-box-content text dark\">\n              \n              <div class=\"text-inner text-center\">\n                  \n<h1 class=\"page-title\">B\u1ea3ng gi\u00e1 thi c\u00f4ng<\/h1>\n<p class=\"page-title\">B\u1ea3ng B\u00e1o Gi\u00e1 Thi C\u00f4ng \u0110\u00e1 Black Slate Chi Ti\u1ebft<\/p>\n              <\/div>\n           <\/div>\n                            \n<style>\n#text-box-1883548943 {\n  width: 60%;\n}\n#text-box-1883548943 .text-box-content {\n  font-size: 100%;\n}\n<\/style>\n    <\/div>\n \n        <\/div>\n      <\/div>\n\n            \n<style>\n#banner-461577135 {\n  padding-top: 500px;\n}\n<\/style>\n  <\/div>\n\n\n\t\t<\/div>\n\n\t\t\n<style>\n#section_842584992 {\n  padding-top: 0px;\n  padding-bottom: 0px;\n}\n<\/style>\n\t<\/section>\n\t\n\n\t<section class=\"section\" id=\"section_1155361218\">\n\t\t<div class=\"section-bg fill\" >\n\t\t\t\t\t\t\t\t\t\n\t\t\t\n\n\t\t<\/div>\n\n\t\t\n\n\t\t<div class=\"section-content relative\">\n\t\t\t\n\t<div id=\"text-915235578\" class=\"text\">\n\t\t\n<h2>B\u00e1o Gi\u00e1 Thi \u0110\u00e1 Black Slate chi ti\u1ebft<\/h2>\n\t\t\n<style>\n#text-915235578 {\n  text-align: center;\n}\n<\/style>\n\t<\/div>\n\t\n<div class=\"row align-center\"  id=\"row-219282794\">\n\n\t<div id=\"col-1862154187\" class=\"col medium-5 small-12 large-5\"  >\n\t\t\t\t<div class=\"col-inner text-left box-shadow-2 box-shadow-2-hover\" style=\"background-color:#ffb400;\" >\n\t\t\t\n\t\t\t\n<h2 style=\"text-align: center;\">T\u01b0 V\u1ea5n V\u00e0 \u0110o Th\u1ef1c \u0110\u1ecba Mi\u1ec5n Ph\u00ed<\/h2>\n\n<div class=\"wpcf7 no-js\" id=\"wpcf7-f1234-o1\" lang=\"vi\" dir=\"ltr\" data-wpcf7-id=\"1234\">\n<div class=\"screen-reader-response\"><p role=\"status\" aria-live=\"polite\" aria-atomic=\"true\"><\/p> <ul><\/ul><\/div>\n<form action=\"\/index.php?rest_route=%2Fwp%2Fv2%2Fpages%2F5085#wpcf7-f1234-o1\" method=\"post\" class=\"wpcf7-form init\" aria-label=\"Form li\u00ean h\u1ec7\" novalidate=\"novalidate\" data-status=\"init\">\n<fieldset class=\"hidden-fields-container\"><input type=\"hidden\" name=\"_wpcf7\" value=\"1234\" \/><input type=\"hidden\" name=\"_wpcf7_version\" value=\"6.1.4\" \/><input type=\"hidden\" name=\"_wpcf7_locale\" value=\"vi\" \/><input type=\"hidden\" name=\"_wpcf7_unit_tag\" value=\"wpcf7-f1234-o1\" \/><input type=\"hidden\" name=\"_wpcf7_container_post\" value=\"0\" \/><input type=\"hidden\" name=\"_wpcf7_posted_data_hash\" value=\"\" \/>\n<\/fieldset>\n<p><label> T\u00ean c\u1ee7a b\u1ea1n (b\u1eaft bu\u1ed9c)<br \/>\n<span class=\"wpcf7-form-control-wrap\" data-name=\"your-name\"><input size=\"40\" maxlength=\"400\" class=\"wpcf7-form-control wpcf7-text wpcf7-validates-as-required\" aria-required=\"true\" aria-invalid=\"false\" value=\"\" type=\"text\" name=\"your-name\" \/><\/span> <\/label>\n<\/p>\n<p><label> \u0110\u1ecba ch\u1ec9 Email (b\u1eaft bu\u1ed9c)<br \/>\n<span class=\"wpcf7-form-control-wrap\" data-name=\"your-email\"><input size=\"40\" maxlength=\"400\" class=\"wpcf7-form-control wpcf7-email wpcf7-validates-as-required wpcf7-text wpcf7-validates-as-email\" aria-required=\"true\" aria-invalid=\"false\" value=\"\" type=\"email\" name=\"your-email\" \/><\/span> <\/label>\n<\/p>\n<p><label> Ti\u00eau \u0111\u1ec1:<br \/>\n<span class=\"wpcf7-form-control-wrap\" data-name=\"your-subject\"><input size=\"40\" maxlength=\"400\" class=\"wpcf7-form-control wpcf7-text\" aria-invalid=\"false\" value=\"\" type=\"text\" name=\"your-subject\" \/><\/span> <\/label>\n<\/p>\n<p><label> Th\u00f4ng \u0111i\u1ec7p<br \/>\n<span class=\"wpcf7-form-control-wrap\" data-name=\"your-message\"><textarea cols=\"40\" rows=\"10\" maxlength=\"2000\" class=\"wpcf7-form-control wpcf7-textarea\" aria-invalid=\"false\" name=\"your-message\"><\/textarea><\/span> <\/label>\n<\/p>\n<p><input class=\"wpcf7-form-control wpcf7-submit has-spinner\" type=\"submit\" value=\"G\u1eedi \u0111i\" \/>\n<\/p><div class=\"wpcf7-response-output\" aria-hidden=\"true\"><\/div>\n<\/form>\n<\/div>\n\n\t\t<\/div>\n\t\t\t\t\n<style>\n#col-1862154187 > .col-inner {\n  padding: 20px 20px 20px 20px;\n}\n<\/style>\n\t<\/div>\n\n\t\n\n\t<div id=\"col-2116931182\" class=\"col medium-6 small-12 large-6\"  >\n\t\t\t\t<div class=\"col-inner box-shadow-2 box-shadow-2-hover\"  >\n\t\t\t\n\t\t\t\n\t<div class=\"img has-hover x md-x lg-x y md-y lg-y\" id=\"image_102020878\">\n\t\t\t\t\t\t\t\t<div class=\"img-inner image-cover dark\" style=\"padding-top:96%;\">\n\t\t\t<img loading=\"lazy\" decoding=\"async\" width=\"650\" height=\"650\" src=\"https:\/\/blackslate.vn\/wp-content\/uploads\/2025\/11\/LOPMAI.jpg\" class=\"attachment-large size-large\" alt=\"\" srcset=\"https:\/\/blackslate.vn\/wp-content\/uploads\/2025\/11\/LOPMAI.jpg 650w, https:\/\/blackslate.vn\/wp-content\/uploads\/2025\/11\/LOPMAI-300x300.jpg 300w, https:\/\/blackslate.vn\/wp-content\/uploads\/2025\/11\/LOPMAI-150x150.jpg 150w, https:\/\/blackslate.vn\/wp-content\/uploads\/2025\/11\/LOPMAI-100x100.jpg 100w\" sizes=\"auto, (max-width: 650px) 100vw, 650px\" \/>\t\t\t\t\t\t\n\t\t\t\t\t<\/div>\n\t\t\t\t\t\t\t\t\n<style>\n#image_102020878 {\n  width: 100%;\n}\n<\/style>\n\t<\/div>\n\t\n\t\t<\/div>\n\t\t\t\t\t<\/div>\n\n\t\n<\/div>\n\t\t<\/div>\n\n\t\t\n<style>\n#section_1155361218 {\n  padding-top: 30px;\n  padding-bottom: 30px;\n}\n<\/style>\n\t<\/section>\n\t\n","protected":false},"excerpt":{"rendered":"","protected":false},"author":2,"featured_media":0,"parent":0,"menu_order":0,"comment_status":"closed","ping_status":"closed","template":"page-blank.php","meta":{"_acf_changed":false,"footnotes":""},"class_list":["post-5085","page","type-page","status-publish","hentry"],"acf":[],"_links":{"self":[{"href":"https:\/\/blackslate.vn\/index.php?rest_route=\/wp\/v2\/pages\/5085","targetHints":{"allow":["GET"]}}],"collection":[{"href":"https:\/\/blackslate.vn\/index.php?rest_route=\/wp\/v2\/pages"}],"about":[{"href":"https:\/\/blackslate.vn\/index.php?rest_route=\/wp\/v2\/types\/page"}],"author":[{"embeddable":true,"href":"https:\/\/blackslate.vn\/index.php?rest_route=\/wp\/v2\/users\/2"}],"replies":[{"embeddable":true,"href":"https:\/\/blackslate.vn\/index.php?rest_route=%2Fwp%2Fv2%2Fcomments&post=5085"}],"version-history":[{"count":9,"href":"https:\/\/blackslate.vn\/index.php?rest_route=\/wp\/v2\/pages\/5085\/revisions"}],"predecessor-version":[{"id":5726,"href":"https:\/\/blackslate.vn\/index.php?rest_route=\/wp\/v2\/pages\/5085\/revisions\/5726"}],"wp:attachment":[{"href":"https:\/\/blackslate.vn\/index.php?rest_route=%2Fwp%2Fv2%2Fmedia&parent=5085"}],"curies":[{"name":"wp","href":"https:\/\/api.w.org\/{rel}","templated":true}]}}