{"id":5135,"date":"2025-03-18T20:29:43","date_gmt":"2025-03-18T13:29:43","guid":{"rendered":"https:\/?page_id=5135"},"modified":"2025-11-29T22:00:31","modified_gmt":"2025-11-29T15:00:31","slug":"chung-cu","status":"publish","type":"page","link":"https:\/\/blackslate.vn\/?page_id=5135","title":{"rendered":"Chung c\u01b0"},"content":{"rendered":"\n\t<section class=\"section\" id=\"section_2077392010\">\n\t\t<div class=\"section-bg fill\" >\n\t\t\t\t\t\t\t\t\t\n\t\t\t\n\n\t\t<\/div>\n\n\t\t\n\n\t\t<div class=\"section-content relative\">\n\t\t\t\n\n  <div class=\"banner has-hover\" id=\"banner-2119945986\">\n          <div class=\"banner-inner fill\">\n        <div class=\"banner-bg fill\" >\n            <img loading=\"lazy\" decoding=\"async\" width=\"500\" height=\"500\" src=\"https:\/\/blackslate.vn\/wp-content\/uploads\/2025\/11\/da-slate-la-gi-so-sanh-da-slate-lai-chau-va-son-la_20250601225643.jpg\" class=\"bg attachment-original size-original\" alt=\"\" \/>                                    \n                    <\/div>\n\t\t\n        <div class=\"banner-layers container\">\n            <div class=\"fill banner-link\"><\/div>            \n   <div id=\"text-box-325879333\" class=\"text-box banner-layer x50 md-x50 lg-x50 y50 md-y50 lg-y50 res-text\">\n                                <div class=\"text-box-content text dark\">\n              \n              <div class=\"text-inner text-center\">\n                  \n<h3 class=\"uppercase\"><strong>Chung c\u01b0<\/strong><\/h3>\n<p>Nh\u1eefng kh\u00e1ch h\u00e0ng \u0111\u00e3 \u0111\u01b0\u1ee3c ch\u00fang t\u00f4i tri\u1ec3n khai th\u1eddi gian g\u1ea7n \u0111\u00e2y<\/p>\n              <\/div>\n           <\/div>\n                            \n<style>\n#text-box-325879333 {\n  width: 60%;\n}\n#text-box-325879333 .text-box-content {\n  font-size: 100%;\n}\n<\/style>\n    <\/div>\n \n        <\/div>\n      <\/div>\n\n            \n<style>\n#banner-2119945986 {\n  padding-top: 500px;\n}\n<\/style>\n  <\/div>\n\n\n\t\t<\/div>\n\n\t\t\n<style>\n#section_2077392010 {\n  padding-top: 0px;\n  padding-bottom: 0px;\n}\n<\/style>\n\t<\/section>\n\t\n\n\t<section class=\"section\" id=\"section_1145990614\">\n\t\t<div class=\"section-bg fill\" >\n\t\t\t\t\t\t\t\t\t\n\t\t\t\n\n\t\t<\/div>\n\n\t\t\n\n\t\t<div class=\"section-content relative\">\n\t\t\t\n\n  \n    <div class=\"row large-columns-4 medium-columns-3 small-columns-2\" >\n  <div class=\"gallery-col col\" >\n          <div class=\"col-inner\">\n            <a class=\"image-lightbox lightbox-gallery\" href=\"https:\/\/blackslate.vn\/wp-content\/uploads\/2025\/11\/da-slate-la-gi-so-sanh-da-slate-lai-chau-va-son-la_20250601225643.jpg\" title=\"\">            <div class=\"box has-hover gallery-box box-overlay dark\">\n              <div class=\"box-image image-cover\" style=\"border-radius:6%;padding-top:100%;\">\n                <img loading=\"lazy\" decoding=\"async\" width=\"300\" height=\"300\" src=\"https:\/\/blackslate.vn\/wp-content\/uploads\/2025\/11\/da-slate-la-gi-so-sanh-da-slate-lai-chau-va-son-la_20250601225643-300x300.jpg\" class=\"attachment-medium size-medium\" alt=\"\" ids=\"5674,5673,5675,5676,5677,5672,5678,5671\" image_height=\"100%\" image_radius=\"6\" srcset=\"https:\/\/blackslate.vn\/wp-content\/uploads\/2025\/11\/da-slate-la-gi-so-sanh-da-slate-lai-chau-va-son-la_20250601225643-300x300.jpg 300w, https:\/\/blackslate.vn\/wp-content\/uploads\/2025\/11\/da-slate-la-gi-so-sanh-da-slate-lai-chau-va-son-la_20250601225643-150x150.jpg 150w, https:\/\/blackslate.vn\/wp-content\/uploads\/2025\/11\/da-slate-la-gi-so-sanh-da-slate-lai-chau-va-son-la_20250601225643-100x100.jpg 100w, https:\/\/blackslate.vn\/wp-content\/uploads\/2025\/11\/da-slate-la-gi-so-sanh-da-slate-lai-chau-va-son-la_20250601225643.jpg 500w\" sizes=\"auto, (max-width: 300px) 100vw, 300px\" \/>                                  <div class=\"overlay fill\"\n                      style=\"background-color: rgba(0,0,0,.15)\">\n                  <\/div>\n                                                              <\/div>\n              <div class=\"box-text text-left\" >\n                 <p><\/p>\n              <\/div>\n            <\/div>\n            <\/a>          <\/div>\n         <\/div><div class=\"gallery-col col\" >\n          <div class=\"col-inner\">\n            <a class=\"image-lightbox lightbox-gallery\" href=\"https:\/\/blackslate.vn\/wp-content\/uploads\/2025\/11\/Da-slate-den-lat-san.jpg\" title=\"\">            <div class=\"box has-hover gallery-box box-overlay dark\">\n              <div class=\"box-image image-cover\" style=\"border-radius:6%;padding-top:100%;\">\n                <img loading=\"lazy\" decoding=\"async\" width=\"300\" height=\"201\" src=\"https:\/\/blackslate.vn\/wp-content\/uploads\/2025\/11\/Da-slate-den-lat-san-300x201.jpg\" class=\"attachment-medium size-medium\" alt=\"\" ids=\"5674,5673,5675,5676,5677,5672,5678,5671\" image_height=\"100%\" image_radius=\"6\" srcset=\"https:\/\/blackslate.vn\/wp-content\/uploads\/2025\/11\/Da-slate-den-lat-san-300x201.jpg 300w, https:\/\/blackslate.vn\/wp-content\/uploads\/2025\/11\/Da-slate-den-lat-san.jpg 613w\" sizes=\"auto, (max-width: 300px) 100vw, 300px\" \/>                                  <div class=\"overlay fill\"\n                      style=\"background-color: rgba(0,0,0,.15)\">\n                  <\/div>\n                                                              <\/div>\n              <div class=\"box-text text-left\" >\n                 <p><\/p>\n              <\/div>\n            <\/div>\n            <\/a>          <\/div>\n         <\/div><div class=\"gallery-col col\" >\n          <div class=\"col-inner\">\n            <a class=\"image-lightbox lightbox-gallery\" href=\"https:\/\/blackslate.vn\/wp-content\/uploads\/2025\/11\/da-slate-lai-chau-den-ghi-645.jpg\" title=\"\">            <div class=\"box has-hover gallery-box box-overlay dark\">\n              <div class=\"box-image image-cover\" style=\"border-radius:6%;padding-top:100%;\">\n                <img loading=\"lazy\" decoding=\"async\" width=\"300\" height=\"201\" src=\"https:\/\/blackslate.vn\/wp-content\/uploads\/2025\/11\/da-slate-lai-chau-den-ghi-645-300x201.jpg\" class=\"attachment-medium size-medium\" alt=\"\" ids=\"5674,5673,5675,5676,5677,5672,5678,5671\" image_height=\"100%\" image_radius=\"6\" srcset=\"https:\/\/blackslate.vn\/wp-content\/uploads\/2025\/11\/da-slate-lai-chau-den-ghi-645-300x201.jpg 300w, https:\/\/blackslate.vn\/wp-content\/uploads\/2025\/11\/da-slate-lai-chau-den-ghi-645.jpg 613w\" sizes=\"auto, (max-width: 300px) 100vw, 300px\" \/>                                  <div class=\"overlay fill\"\n                      style=\"background-color: rgba(0,0,0,.15)\">\n                  <\/div>\n                                                              <\/div>\n              <div class=\"box-text text-left\" >\n                 <p><\/p>\n              <\/div>\n            <\/div>\n            <\/a>          <\/div>\n         <\/div><div class=\"gallery-col col\" >\n          <div class=\"col-inner\">\n            <a class=\"image-lightbox lightbox-gallery\" href=\"https:\/\/blackslate.vn\/wp-content\/uploads\/2025\/11\/daop-1024x685.jpeg\" title=\"\">            <div class=\"box has-hover gallery-box box-overlay dark\">\n              <div class=\"box-image image-cover\" style=\"border-radius:6%;padding-top:100%;\">\n                <img loading=\"lazy\" decoding=\"async\" width=\"300\" height=\"201\" src=\"https:\/\/blackslate.vn\/wp-content\/uploads\/2025\/11\/daop-300x201.jpeg\" class=\"attachment-medium size-medium\" alt=\"\" ids=\"5674,5673,5675,5676,5677,5672,5678,5671\" image_height=\"100%\" image_radius=\"6\" srcset=\"https:\/\/blackslate.vn\/wp-content\/uploads\/2025\/11\/daop-300x201.jpeg 300w, https:\/\/blackslate.vn\/wp-content\/uploads\/2025\/11\/daop-1024x685.jpeg 1024w, https:\/\/blackslate.vn\/wp-content\/uploads\/2025\/11\/daop-768x513.jpeg 768w, https:\/\/blackslate.vn\/wp-content\/uploads\/2025\/11\/daop-1536x1027.jpeg 1536w, https:\/\/blackslate.vn\/wp-content\/uploads\/2025\/11\/daop-2048x1369.jpeg 2048w\" sizes=\"auto, (max-width: 300px) 100vw, 300px\" \/>                                  <div class=\"overlay fill\"\n                      style=\"background-color: rgba(0,0,0,.15)\">\n                  <\/div>\n                                                              <\/div>\n              <div class=\"box-text text-left\" >\n                 <p><\/p>\n              <\/div>\n            <\/div>\n            <\/a>          <\/div>\n         <\/div><div class=\"gallery-col col\" >\n          <div class=\"col-inner\">\n            <a class=\"image-lightbox lightbox-gallery\" href=\"https:\/\/blackslate.vn\/wp-content\/uploads\/2025\/11\/s2.jpg\" title=\"\">            <div class=\"box has-hover gallery-box box-overlay dark\">\n              <div class=\"box-image image-cover\" style=\"border-radius:6%;padding-top:100%;\">\n                <img loading=\"lazy\" decoding=\"async\" width=\"300\" height=\"300\" src=\"https:\/\/blackslate.vn\/wp-content\/uploads\/2025\/11\/s2-300x300.jpg\" class=\"attachment-medium size-medium\" alt=\"\" ids=\"5674,5673,5675,5676,5677,5672,5678,5671\" image_height=\"100%\" image_radius=\"6\" srcset=\"https:\/\/blackslate.vn\/wp-content\/uploads\/2025\/11\/s2-300x300.jpg 300w, https:\/\/blackslate.vn\/wp-content\/uploads\/2025\/11\/s2-150x150.jpg 150w, https:\/\/blackslate.vn\/wp-content\/uploads\/2025\/11\/s2-100x100.jpg 100w, https:\/\/blackslate.vn\/wp-content\/uploads\/2025\/11\/s2.jpg 733w\" sizes=\"auto, (max-width: 300px) 100vw, 300px\" \/>                                  <div class=\"overlay fill\"\n                      style=\"background-color: rgba(0,0,0,.15)\">\n                  <\/div>\n                                                              <\/div>\n              <div class=\"box-text text-left\" >\n                 <p><\/p>\n              <\/div>\n            <\/div>\n            <\/a>          <\/div>\n         <\/div><div class=\"gallery-col col\" >\n          <div class=\"col-inner\">\n            <a class=\"image-lightbox lightbox-gallery\" href=\"https:\/\/blackslate.vn\/wp-content\/uploads\/2025\/11\/Da-slate-den-Lai-Chau-lat-1.jpg\" title=\"\">            <div class=\"box has-hover gallery-box box-overlay dark\">\n              <div class=\"box-image image-cover\" style=\"border-radius:6%;padding-top:100%;\">\n                <img loading=\"lazy\" decoding=\"async\" width=\"300\" height=\"201\" src=\"https:\/\/blackslate.vn\/wp-content\/uploads\/2025\/11\/Da-slate-den-Lai-Chau-lat-1-300x201.jpg\" class=\"attachment-medium size-medium\" alt=\"\" ids=\"5674,5673,5675,5676,5677,5672,5678,5671\" image_height=\"100%\" image_radius=\"6\" srcset=\"https:\/\/blackslate.vn\/wp-content\/uploads\/2025\/11\/Da-slate-den-Lai-Chau-lat-1-300x201.jpg 300w, https:\/\/blackslate.vn\/wp-content\/uploads\/2025\/11\/Da-slate-den-Lai-Chau-lat-1.jpg 613w\" sizes=\"auto, (max-width: 300px) 100vw, 300px\" \/>                                  <div class=\"overlay fill\"\n                      style=\"background-color: rgba(0,0,0,.15)\">\n                  <\/div>\n                                                              <\/div>\n              <div class=\"box-text text-left\" >\n                 <p><\/p>\n              <\/div>\n            <\/div>\n            <\/a>          <\/div>\n         <\/div><div class=\"gallery-col col\" >\n          <div class=\"col-inner\">\n            <a class=\"image-lightbox lightbox-gallery\" href=\"https:\/\/blackslate.vn\/wp-content\/uploads\/2025\/11\/tiling-slate-d03.jpg\" title=\"\">            <div class=\"box has-hover gallery-box box-overlay dark\">\n              <div class=\"box-image image-cover\" style=\"border-radius:6%;padding-top:100%;\">\n                <img loading=\"lazy\" decoding=\"async\" width=\"300\" height=\"300\" src=\"https:\/\/blackslate.vn\/wp-content\/uploads\/2025\/11\/tiling-slate-d03-300x300.jpg\" class=\"attachment-medium size-medium\" alt=\"\" ids=\"5674,5673,5675,5676,5677,5672,5678,5671\" image_height=\"100%\" image_radius=\"6\" srcset=\"https:\/\/blackslate.vn\/wp-content\/uploads\/2025\/11\/tiling-slate-d03-300x300.jpg 300w, https:\/\/blackslate.vn\/wp-content\/uploads\/2025\/11\/tiling-slate-d03-150x150.jpg 150w, https:\/\/blackslate.vn\/wp-content\/uploads\/2025\/11\/tiling-slate-d03-100x100.jpg 100w, https:\/\/blackslate.vn\/wp-content\/uploads\/2025\/11\/tiling-slate-d03.jpg 580w\" sizes=\"auto, (max-width: 300px) 100vw, 300px\" \/>                                  <div class=\"overlay fill\"\n                      style=\"background-color: rgba(0,0,0,.15)\">\n                  <\/div>\n                                                              <\/div>\n              <div class=\"box-text text-left\" >\n                 <p><\/p>\n              <\/div>\n            <\/div>\n            <\/a>          <\/div>\n         <\/div><div class=\"gallery-col col\" >\n          <div class=\"col-inner\">\n            <a class=\"image-lightbox lightbox-gallery\" href=\"https:\/\/blackslate.vn\/wp-content\/uploads\/2025\/11\/ghep-slate-den-lai-chau-10x50cm_1588838368.png\" title=\"\">            <div class=\"box has-hover gallery-box box-overlay dark\">\n              <div class=\"box-image image-cover\" style=\"border-radius:6%;padding-top:100%;\">\n                <img loading=\"lazy\" decoding=\"async\" width=\"300\" height=\"201\" src=\"https:\/\/blackslate.vn\/wp-content\/uploads\/2025\/11\/ghep-slate-den-lai-chau-10x50cm_1588838368-300x201.png\" class=\"attachment-medium size-medium\" alt=\"\" ids=\"5674,5673,5675,5676,5677,5672,5678,5671\" image_height=\"100%\" image_radius=\"6\" srcset=\"https:\/\/blackslate.vn\/wp-content\/uploads\/2025\/11\/ghep-slate-den-lai-chau-10x50cm_1588838368-300x201.png 300w, https:\/\/blackslate.vn\/wp-content\/uploads\/2025\/11\/ghep-slate-den-lai-chau-10x50cm_1588838368.png 613w\" sizes=\"auto, (max-width: 300px) 100vw, 300px\" \/>                                  <div class=\"overlay fill\"\n                      style=\"background-color: rgba(0,0,0,.15)\">\n                  <\/div>\n                                                              <\/div>\n              <div class=\"box-text text-left\" >\n                 <p><\/p>\n              <\/div>\n            <\/div>\n            <\/a>          <\/div>\n         <\/div><\/div>\n\t\t<\/div>\n\n\t\t\n<style>\n#section_1145990614 {\n  padding-top: 30px;\n  padding-bottom: 30px;\n}\n<\/style>\n\t<\/section>\n\t\n","protected":false},"excerpt":{"rendered":"","protected":false},"author":2,"featured_media":0,"parent":0,"menu_order":0,"comment_status":"closed","ping_status":"closed","template":"page-blank.php","meta":{"_acf_changed":false,"footnotes":""},"class_list":["post-5135","page","type-page","status-publish","hentry"],"acf":[],"_links":{"self":[{"href":"https:\/\/blackslate.vn\/index.php?rest_route=\/wp\/v2\/pages\/5135","targetHints":{"allow":["GET"]}}],"collection":[{"href":"https:\/\/blackslate.vn\/index.php?rest_route=\/wp\/v2\/pages"}],"about":[{"href":"https:\/\/blackslate.vn\/index.php?rest_route=\/wp\/v2\/types\/page"}],"author":[{"embeddable":true,"href":"https:\/\/blackslate.vn\/index.php?rest_route=\/wp\/v2\/users\/2"}],"replies":[{"embeddable":true,"href":"https:\/\/blackslate.vn\/index.php?rest_route=%2Fwp%2Fv2%2Fcomments&post=5135"}],"version-history":[{"count":5,"href":"https:\/\/blackslate.vn\/index.php?rest_route=\/wp\/v2\/pages\/5135\/revisions"}],"predecessor-version":[{"id":5724,"href":"https:\/\/blackslate.vn\/index.php?rest_route=\/wp\/v2\/pages\/5135\/revisions\/5724"}],"wp:attachment":[{"href":"https:\/\/blackslate.vn\/index.php?rest_route=%2Fwp%2Fv2%2Fmedia&parent=5135"}],"curies":[{"name":"wp","href":"https:\/\/api.w.org\/{rel}","templated":true}]}}