{"id":5138,"date":"2025-03-18T20:30:19","date_gmt":"2025-03-18T13:30:19","guid":{"rendered":"https:\/?page_id=5138"},"modified":"2025-11-29T22:02:21","modified_gmt":"2025-11-29T15:02:21","slug":"van-phong","status":"publish","type":"page","link":"https:\/\/blackslate.vn\/?page_id=5138","title":{"rendered":"V\u0103n ph\u00f2ng"},"content":{"rendered":"\n\t<section class=\"section\" id=\"section_2056028825\">\n\t\t<div class=\"section-bg fill\" >\n\t\t\t\t\t\t\t\t\t\n\t\t\t\n\n\t\t<\/div>\n\n\t\t\n\n\t\t<div class=\"section-content relative\">\n\t\t\t\n\n  <div class=\"banner has-hover\" id=\"banner-208385849\">\n          <div class=\"banner-inner fill\">\n        <div class=\"banner-bg fill\" >\n            <img loading=\"lazy\" decoding=\"async\" width=\"767\" height=\"1024\" src=\"https:\/\/blackslate.vn\/wp-content\/uploads\/2025\/11\/da-xanh-kho-767x1024.jpg\" class=\"bg attachment-large size-large\" alt=\"\" \/>                                    \n                    <\/div>\n\t\t\n        <div class=\"banner-layers container\">\n            <div class=\"fill banner-link\"><\/div>            \n   <div id=\"text-box-2036444568\" class=\"text-box banner-layer x50 md-x50 lg-x50 y50 md-y50 lg-y50 res-text\">\n                                <div class=\"text-box-content text dark\">\n              \n              <div class=\"text-inner text-center\">\n                  \n<h3 class=\"uppercase\"><strong>V\u0103n ph\u00f2ng<\/strong><\/h3>\n<p>Nh\u1eefng kh\u00e1ch h\u00e0ng \u0111\u00e3 \u0111\u01b0\u1ee3c ch\u00fang t\u00f4i tri\u1ec3n khai th\u1eddi gian g\u1ea7n \u0111\u00e2y<\/p>\n              <\/div>\n           <\/div>\n                            \n<style>\n#text-box-2036444568 {\n  width: 60%;\n}\n#text-box-2036444568 .text-box-content {\n  font-size: 100%;\n}\n<\/style>\n    <\/div>\n \n        <\/div>\n      <\/div>\n\n            \n<style>\n#banner-208385849 {\n  padding-top: 500px;\n}\n<\/style>\n  <\/div>\n\n\n\t\t<\/div>\n\n\t\t\n<style>\n#section_2056028825 {\n  padding-top: 0px;\n  padding-bottom: 0px;\n}\n<\/style>\n\t<\/section>\n\t\n\n\t<section class=\"section\" id=\"section_1335288712\">\n\t\t<div class=\"section-bg fill\" >\n\t\t\t\t\t\t\t\t\t\n\t\t\t\n\n\t\t<\/div>\n\n\t\t\n\n\t\t<div class=\"section-content relative\">\n\t\t\t\n\n  \n    <div class=\"row large-columns-4 medium-columns-3 small-columns-2\" >\n  <div class=\"gallery-col col\" >\n          <div class=\"col-inner\">\n            <a class=\"image-lightbox lightbox-gallery\" href=\"https:\/\/blackslate.vn\/wp-content\/uploads\/2025\/11\/IMG_1731-1-1.jpg\" title=\"\">            <div class=\"box has-hover gallery-box box-overlay dark\">\n              <div class=\"box-image image-cover\" style=\"border-radius:6%;padding-top:100%;\">\n                <img loading=\"lazy\" decoding=\"async\" width=\"300\" height=\"300\" src=\"https:\/\/blackslate.vn\/wp-content\/uploads\/2025\/11\/IMG_1731-1-1-300x300.jpg\" class=\"attachment-medium size-medium\" alt=\"\" ids=\"5688,5687,5686,5685,5684,5683,5682,5681,5677,5700,5715,5704\" image_height=\"100%\" image_radius=\"6\" srcset=\"https:\/\/blackslate.vn\/wp-content\/uploads\/2025\/11\/IMG_1731-1-1-300x300.jpg 300w, https:\/\/blackslate.vn\/wp-content\/uploads\/2025\/11\/IMG_1731-1-1-150x150.jpg 150w, https:\/\/blackslate.vn\/wp-content\/uploads\/2025\/11\/IMG_1731-1-1-768x770.jpg 768w, https:\/\/blackslate.vn\/wp-content\/uploads\/2025\/11\/IMG_1731-1-1-100x100.jpg 100w, https:\/\/blackslate.vn\/wp-content\/uploads\/2025\/11\/IMG_1731-1-1.jpg 818w\" sizes=\"auto, (max-width: 300px) 100vw, 300px\" \/>                                  <div class=\"overlay fill\"\n                      style=\"background-color: rgba(0,0,0,.15)\">\n                  <\/div>\n                                                              <\/div>\n              <div class=\"box-text text-left\" >\n                 <p><\/p>\n              <\/div>\n            <\/div>\n            <\/a>          <\/div>\n         <\/div><div class=\"gallery-col col\" >\n          <div class=\"col-inner\">\n            <a class=\"image-lightbox lightbox-gallery\" href=\"https:\/\/blackslate.vn\/wp-content\/uploads\/2025\/11\/da-xanh-salte.jpg\" title=\"\">            <div class=\"box has-hover gallery-box box-overlay dark\">\n              <div class=\"box-image image-cover\" style=\"border-radius:6%;padding-top:100%;\">\n                <img loading=\"lazy\" decoding=\"async\" width=\"225\" height=\"300\" src=\"https:\/\/blackslate.vn\/wp-content\/uploads\/2025\/11\/da-xanh-salte-225x300.jpg\" class=\"attachment-medium size-medium\" alt=\"\" ids=\"5688,5687,5686,5685,5684,5683,5682,5681,5677,5700,5715,5704\" image_height=\"100%\" image_radius=\"6\" srcset=\"https:\/\/blackslate.vn\/wp-content\/uploads\/2025\/11\/da-xanh-salte-225x300.jpg 225w, https:\/\/blackslate.vn\/wp-content\/uploads\/2025\/11\/da-xanh-salte.jpg 630w\" sizes=\"auto, (max-width: 225px) 100vw, 225px\" \/>                                  <div class=\"overlay fill\"\n                      style=\"background-color: rgba(0,0,0,.15)\">\n                  <\/div>\n                                                              <\/div>\n              <div class=\"box-text text-left\" >\n                 <p><\/p>\n              <\/div>\n            <\/div>\n            <\/a>          <\/div>\n         <\/div><div class=\"gallery-col col\" >\n          <div class=\"col-inner\">\n            <a class=\"image-lightbox lightbox-gallery\" href=\"https:\/\/blackslate.vn\/wp-content\/uploads\/2025\/11\/da-xanh-kho-767x1024.jpg\" title=\"\">            <div class=\"box has-hover gallery-box box-overlay dark\">\n              <div class=\"box-image image-cover\" style=\"border-radius:6%;padding-top:100%;\">\n                <img loading=\"lazy\" decoding=\"async\" width=\"225\" height=\"300\" src=\"https:\/\/blackslate.vn\/wp-content\/uploads\/2025\/11\/da-xanh-kho-225x300.jpg\" class=\"attachment-medium size-medium\" alt=\"\" ids=\"5688,5687,5686,5685,5684,5683,5682,5681,5677,5700,5715,5704\" image_height=\"100%\" image_radius=\"6\" srcset=\"https:\/\/blackslate.vn\/wp-content\/uploads\/2025\/11\/da-xanh-kho-225x300.jpg 225w, https:\/\/blackslate.vn\/wp-content\/uploads\/2025\/11\/da-xanh-kho-767x1024.jpg 767w, https:\/\/blackslate.vn\/wp-content\/uploads\/2025\/11\/da-xanh-kho-768x1025.jpg 768w, https:\/\/blackslate.vn\/wp-content\/uploads\/2025\/11\/da-xanh-kho.jpg 956w\" sizes=\"auto, (max-width: 225px) 100vw, 225px\" \/>                                  <div class=\"overlay fill\"\n                      style=\"background-color: rgba(0,0,0,.15)\">\n                  <\/div>\n                                                              <\/div>\n              <div class=\"box-text text-left\" >\n                 <p><\/p>\n              <\/div>\n            <\/div>\n            <\/a>          <\/div>\n         <\/div><div class=\"gallery-col col\" >\n          <div class=\"col-inner\">\n            <a class=\"image-lightbox lightbox-gallery\" href=\"https:\/\/blackslate.vn\/wp-content\/uploads\/2025\/11\/da-xanh-kho-3d.jpg\" title=\"\">            <div class=\"box has-hover gallery-box box-overlay dark\">\n              <div class=\"box-image image-cover\" style=\"border-radius:6%;padding-top:100%;\">\n                <img loading=\"lazy\" decoding=\"async\" width=\"199\" height=\"300\" src=\"https:\/\/blackslate.vn\/wp-content\/uploads\/2025\/11\/da-xanh-kho-3d-199x300.jpg\" class=\"attachment-medium size-medium\" alt=\"\" ids=\"5688,5687,5686,5685,5684,5683,5682,5681,5677,5700,5715,5704\" image_height=\"100%\" image_radius=\"6\" srcset=\"https:\/\/blackslate.vn\/wp-content\/uploads\/2025\/11\/da-xanh-kho-3d-199x300.jpg 199w, https:\/\/blackslate.vn\/wp-content\/uploads\/2025\/11\/da-xanh-kho-3d.jpg 638w\" sizes=\"auto, (max-width: 199px) 100vw, 199px\" \/>                                  <div class=\"overlay fill\"\n                      style=\"background-color: rgba(0,0,0,.15)\">\n                  <\/div>\n                                                              <\/div>\n              <div class=\"box-text text-left\" >\n                 <p><\/p>\n              <\/div>\n            <\/div>\n            <\/a>          <\/div>\n         <\/div><div class=\"gallery-col col\" >\n          <div class=\"col-inner\">\n            <a class=\"image-lightbox lightbox-gallery\" href=\"https:\/\/blackslate.vn\/wp-content\/uploads\/2025\/11\/da-slate-da-nang-op-gieng-troi.jpg\" title=\"\">            <div class=\"box has-hover gallery-box box-overlay dark\">\n              <div class=\"box-image image-cover\" style=\"border-radius:6%;padding-top:100%;\">\n                <img loading=\"lazy\" decoding=\"async\" width=\"255\" height=\"300\" src=\"https:\/\/blackslate.vn\/wp-content\/uploads\/2025\/11\/da-slate-da-nang-op-gieng-troi-255x300.jpg\" class=\"attachment-medium size-medium\" alt=\"\" ids=\"5688,5687,5686,5685,5684,5683,5682,5681,5677,5700,5715,5704\" image_height=\"100%\" image_radius=\"6\" srcset=\"https:\/\/blackslate.vn\/wp-content\/uploads\/2025\/11\/da-slate-da-nang-op-gieng-troi-255x300.jpg 255w, https:\/\/blackslate.vn\/wp-content\/uploads\/2025\/11\/da-slate-da-nang-op-gieng-troi.jpg 719w\" sizes=\"auto, (max-width: 255px) 100vw, 255px\" \/>                                  <div class=\"overlay fill\"\n                      style=\"background-color: rgba(0,0,0,.15)\">\n                  <\/div>\n                                                              <\/div>\n              <div class=\"box-text text-left\" >\n                 <p><\/p>\n              <\/div>\n            <\/div>\n            <\/a>          <\/div>\n         <\/div><div class=\"gallery-col col\" >\n          <div class=\"col-inner\">\n            <a class=\"image-lightbox lightbox-gallery\" href=\"https:\/\/blackslate.vn\/wp-content\/uploads\/2025\/11\/da-dep-768x1024.jpg\" title=\"\">            <div class=\"box has-hover gallery-box box-overlay dark\">\n              <div class=\"box-image image-cover\" style=\"border-radius:6%;padding-top:100%;\">\n                <img loading=\"lazy\" decoding=\"async\" width=\"225\" height=\"300\" src=\"https:\/\/blackslate.vn\/wp-content\/uploads\/2025\/11\/da-dep-225x300.jpg\" class=\"attachment-medium size-medium\" alt=\"\" ids=\"5688,5687,5686,5685,5684,5683,5682,5681,5677,5700,5715,5704\" image_height=\"100%\" image_radius=\"6\" srcset=\"https:\/\/blackslate.vn\/wp-content\/uploads\/2025\/11\/da-dep-225x300.jpg 225w, https:\/\/blackslate.vn\/wp-content\/uploads\/2025\/11\/da-dep-768x1024.jpg 768w, https:\/\/blackslate.vn\/wp-content\/uploads\/2025\/11\/da-dep.jpg 864w\" sizes=\"auto, (max-width: 225px) 100vw, 225px\" \/>                                  <div class=\"overlay fill\"\n                      style=\"background-color: rgba(0,0,0,.15)\">\n                  <\/div>\n                                                              <\/div>\n              <div class=\"box-text text-left\" >\n                 <p><\/p>\n              <\/div>\n            <\/div>\n            <\/a>          <\/div>\n         <\/div><div class=\"gallery-col col\" >\n          <div class=\"col-inner\">\n            <a class=\"image-lightbox lightbox-gallery\" href=\"https:\/\/blackslate.vn\/wp-content\/uploads\/2025\/11\/da-den-ghi-op-tuong-768x1024.jpg\" title=\"\">            <div class=\"box has-hover gallery-box box-overlay dark\">\n              <div class=\"box-image image-cover\" style=\"border-radius:6%;padding-top:100%;\">\n                <img loading=\"lazy\" decoding=\"async\" width=\"225\" height=\"300\" src=\"https:\/\/blackslate.vn\/wp-content\/uploads\/2025\/11\/da-den-ghi-op-tuong-225x300.jpg\" class=\"attachment-medium size-medium\" alt=\"\" ids=\"5688,5687,5686,5685,5684,5683,5682,5681,5677,5700,5715,5704\" image_height=\"100%\" image_radius=\"6\" srcset=\"https:\/\/blackslate.vn\/wp-content\/uploads\/2025\/11\/da-den-ghi-op-tuong-225x300.jpg 225w, https:\/\/blackslate.vn\/wp-content\/uploads\/2025\/11\/da-den-ghi-op-tuong-768x1024.jpg 768w, https:\/\/blackslate.vn\/wp-content\/uploads\/2025\/11\/da-den-ghi-op-tuong.jpg 864w\" sizes=\"auto, (max-width: 225px) 100vw, 225px\" \/>                                  <div class=\"overlay fill\"\n                      style=\"background-color: rgba(0,0,0,.15)\">\n                  <\/div>\n                                                              <\/div>\n              <div class=\"box-text text-left\" >\n                 <p><\/p>\n              <\/div>\n            <\/div>\n            <\/a>          <\/div>\n         <\/div><div class=\"gallery-col col\" >\n          <div class=\"col-inner\">\n            <a class=\"image-lightbox lightbox-gallery\" href=\"https:\/\/blackslate.vn\/wp-content\/uploads\/2025\/11\/1475229166_da-ghep-den-slate.jpg\" title=\"\">            <div class=\"box has-hover gallery-box box-overlay dark\">\n              <div class=\"box-image image-cover\" style=\"border-radius:6%;padding-top:100%;\">\n                <img loading=\"lazy\" decoding=\"async\" width=\"300\" height=\"225\" src=\"https:\/\/blackslate.vn\/wp-content\/uploads\/2025\/11\/1475229166_da-ghep-den-slate-300x225.jpg\" class=\"attachment-medium size-medium\" alt=\"\" ids=\"5688,5687,5686,5685,5684,5683,5682,5681,5677,5700,5715,5704\" image_height=\"100%\" image_radius=\"6\" srcset=\"https:\/\/blackslate.vn\/wp-content\/uploads\/2025\/11\/1475229166_da-ghep-den-slate-300x225.jpg 300w, https:\/\/blackslate.vn\/wp-content\/uploads\/2025\/11\/1475229166_da-ghep-den-slate.jpg 613w\" sizes=\"auto, (max-width: 300px) 100vw, 300px\" \/>                                  <div class=\"overlay fill\"\n                      style=\"background-color: rgba(0,0,0,.15)\">\n                  <\/div>\n                                                              <\/div>\n              <div class=\"box-text text-left\" >\n                 <p><\/p>\n              <\/div>\n            <\/div>\n            <\/a>          <\/div>\n         <\/div><div class=\"gallery-col col\" >\n          <div class=\"col-inner\">\n            <a class=\"image-lightbox lightbox-gallery\" href=\"https:\/\/blackslate.vn\/wp-content\/uploads\/2025\/11\/s2.jpg\" title=\"\">            <div class=\"box has-hover gallery-box box-overlay dark\">\n              <div class=\"box-image image-cover\" style=\"border-radius:6%;padding-top:100%;\">\n                <img loading=\"lazy\" decoding=\"async\" width=\"300\" height=\"300\" src=\"https:\/\/blackslate.vn\/wp-content\/uploads\/2025\/11\/s2-300x300.jpg\" class=\"attachment-medium size-medium\" alt=\"\" ids=\"5688,5687,5686,5685,5684,5683,5682,5681,5677,5700,5715,5704\" image_height=\"100%\" image_radius=\"6\" srcset=\"https:\/\/blackslate.vn\/wp-content\/uploads\/2025\/11\/s2-300x300.jpg 300w, https:\/\/blackslate.vn\/wp-content\/uploads\/2025\/11\/s2-150x150.jpg 150w, https:\/\/blackslate.vn\/wp-content\/uploads\/2025\/11\/s2-100x100.jpg 100w, https:\/\/blackslate.vn\/wp-content\/uploads\/2025\/11\/s2.jpg 733w\" sizes=\"auto, (max-width: 300px) 100vw, 300px\" \/>                                  <div class=\"overlay fill\"\n                      style=\"background-color: rgba(0,0,0,.15)\">\n                  <\/div>\n                                                              <\/div>\n              <div class=\"box-text text-left\" >\n                 <p><\/p>\n              <\/div>\n            <\/div>\n            <\/a>          <\/div>\n         <\/div><div class=\"gallery-col col\" >\n          <div class=\"col-inner\">\n            <a class=\"image-lightbox lightbox-gallery\" href=\"https:\/\/blackslate.vn\/wp-content\/uploads\/2025\/11\/ngoi-da-den-lai-chau_3-1-min.jpg\" title=\"M\u00e1i \u0111\u00e1 Lai Ch\u00e2u c\u00f3 tu\u1ed5i th\u1ecd cao, \u0111\u1ed9 b\u1ec1n m\u00e0u theo th\u1eddi gian\">            <div class=\"box has-hover gallery-box box-overlay dark\">\n              <div class=\"box-image image-cover\" style=\"border-radius:6%;padding-top:100%;\">\n                <img loading=\"lazy\" decoding=\"async\" width=\"300\" height=\"201\" src=\"https:\/\/blackslate.vn\/wp-content\/uploads\/2025\/11\/ngoi-da-den-lai-chau_3-1-min-300x201.jpg\" class=\"attachment-medium size-medium\" alt=\"M\u00e1i \u0111\u00e1 Lai Ch\u00e2u c\u00f3 tu\u1ed5i th\u1ecd cao, \u0111\u1ed9 b\u1ec1n m\u00e0u theo th\u1eddi gian\" ids=\"5688,5687,5686,5685,5684,5683,5682,5681,5677,5700,5715,5704\" image_height=\"100%\" image_radius=\"6\" srcset=\"https:\/\/blackslate.vn\/wp-content\/uploads\/2025\/11\/ngoi-da-den-lai-chau_3-1-min-300x201.jpg 300w, https:\/\/blackslate.vn\/wp-content\/uploads\/2025\/11\/ngoi-da-den-lai-chau_3-1-min.jpg 613w\" sizes=\"auto, (max-width: 300px) 100vw, 300px\" \/>                                  <div class=\"overlay fill\"\n                      style=\"background-color: rgba(0,0,0,.15)\">\n                  <\/div>\n                                                              <\/div>\n              <div class=\"box-text text-left\" >\n                 <p>M\u00e1i \u0111\u00e1 Lai Ch\u00e2u c\u00f3 tu\u1ed5i th\u1ecd cao, \u0111\u1ed9 b\u1ec1n m\u00e0u theo th\u1eddi gian<\/p>\n              <\/div>\n            <\/div>\n            <\/a>          <\/div>\n         <\/div><div class=\"gallery-col col\" >\n          <div class=\"col-inner\">\n            <a class=\"image-lightbox lightbox-gallery\" href=\"https:\/\/blackslate.vn\/wp-content\/uploads\/2025\/11\/da-roi-den-chau-op-tuong-min-1024x768.jpg\" title=\"\">            <div class=\"box has-hover gallery-box box-overlay dark\">\n              <div class=\"box-image image-cover\" style=\"border-radius:6%;padding-top:100%;\">\n                <img loading=\"lazy\" decoding=\"async\" width=\"300\" height=\"225\" src=\"https:\/\/blackslate.vn\/wp-content\/uploads\/2025\/11\/da-roi-den-chau-op-tuong-min-300x225.jpg\" class=\"attachment-medium size-medium\" alt=\"\" ids=\"5688,5687,5686,5685,5684,5683,5682,5681,5677,5700,5715,5704\" image_height=\"100%\" image_radius=\"6\" srcset=\"https:\/\/blackslate.vn\/wp-content\/uploads\/2025\/11\/da-roi-den-chau-op-tuong-min-300x225.jpg 300w, https:\/\/blackslate.vn\/wp-content\/uploads\/2025\/11\/da-roi-den-chau-op-tuong-min-1024x768.jpg 1024w, https:\/\/blackslate.vn\/wp-content\/uploads\/2025\/11\/da-roi-den-chau-op-tuong-min-768x576.jpg 768w, https:\/\/blackslate.vn\/wp-content\/uploads\/2025\/11\/da-roi-den-chau-op-tuong-min.jpg 1080w\" sizes=\"auto, (max-width: 300px) 100vw, 300px\" \/>                                  <div class=\"overlay fill\"\n                      style=\"background-color: rgba(0,0,0,.15)\">\n                  <\/div>\n                                                              <\/div>\n              <div class=\"box-text text-left\" >\n                 <p><\/p>\n              <\/div>\n            <\/div>\n            <\/a>          <\/div>\n         <\/div><div class=\"gallery-col col\" >\n          <div class=\"col-inner\">\n            <a class=\"image-lightbox lightbox-gallery\" href=\"https:\/\/blackslate.vn\/wp-content\/uploads\/2025\/11\/92921470-134748828103312-5657737397996093440-n-1-min.jpg\" title=\"\">            <div class=\"box has-hover gallery-box box-overlay dark\">\n              <div class=\"box-image image-cover\" style=\"border-radius:6%;padding-top:100%;\">\n                <img loading=\"lazy\" decoding=\"async\" width=\"300\" height=\"201\" src=\"https:\/\/blackslate.vn\/wp-content\/uploads\/2025\/11\/92921470-134748828103312-5657737397996093440-n-1-min-300x201.jpg\" class=\"attachment-medium size-medium\" alt=\"\" ids=\"5688,5687,5686,5685,5684,5683,5682,5681,5677,5700,5715,5704\" image_height=\"100%\" image_radius=\"6\" srcset=\"https:\/\/blackslate.vn\/wp-content\/uploads\/2025\/11\/92921470-134748828103312-5657737397996093440-n-1-min-300x201.jpg 300w, https:\/\/blackslate.vn\/wp-content\/uploads\/2025\/11\/92921470-134748828103312-5657737397996093440-n-1-min.jpg 613w\" sizes=\"auto, (max-width: 300px) 100vw, 300px\" \/>                                  <div class=\"overlay fill\"\n                      style=\"background-color: rgba(0,0,0,.15)\">\n                  <\/div>\n                                                              <\/div>\n              <div class=\"box-text text-left\" >\n                 <p><\/p>\n              <\/div>\n            <\/div>\n            <\/a>          <\/div>\n         <\/div><\/div>\n\t\t<\/div>\n\n\t\t\n<style>\n#section_1335288712 {\n  padding-top: 30px;\n  padding-bottom: 30px;\n}\n<\/style>\n\t<\/section>\n\t\n","protected":false},"excerpt":{"rendered":"","protected":false},"author":2,"featured_media":0,"parent":0,"menu_order":0,"comment_status":"closed","ping_status":"closed","template":"page-blank.php","meta":{"_acf_changed":false,"footnotes":""},"class_list":["post-5138","page","type-page","status-publish","hentry"],"acf":[],"_links":{"self":[{"href":"https:\/\/blackslate.vn\/index.php?rest_route=\/wp\/v2\/pages\/5138","targetHints":{"allow":["GET"]}}],"collection":[{"href":"https:\/\/blackslate.vn\/index.php?rest_route=\/wp\/v2\/pages"}],"about":[{"href":"https:\/\/blackslate.vn\/index.php?rest_route=\/wp\/v2\/types\/page"}],"author":[{"embeddable":true,"href":"https:\/\/blackslate.vn\/index.php?rest_route=\/wp\/v2\/users\/2"}],"replies":[{"embeddable":true,"href":"https:\/\/blackslate.vn\/index.php?rest_route=%2Fwp%2Fv2%2Fcomments&post=5138"}],"version-history":[{"count":3,"href":"https:\/\/blackslate.vn\/index.php?rest_route=\/wp\/v2\/pages\/5138\/revisions"}],"predecessor-version":[{"id":5725,"href":"https:\/\/blackslate.vn\/index.php?rest_route=\/wp\/v2\/pages\/5138\/revisions\/5725"}],"wp:attachment":[{"href":"https:\/\/blackslate.vn\/index.php?rest_route=%2Fwp%2Fv2%2Fmedia&parent=5138"}],"curies":[{"name":"wp","href":"https:\/\/api.w.org\/{rel}","templated":true}]}}