{"id":5740,"date":"2025-12-01T14:53:20","date_gmt":"2025-12-01T07:53:20","guid":{"rendered":"https:\/\/blackslate.vn\/?page_id=5740"},"modified":"2025-12-01T15:35:07","modified_gmt":"2025-12-01T08:35:07","slug":"da-lai-chau-lop-mai","status":"publish","type":"page","link":"https:\/\/blackslate.vn\/?page_id=5740","title":{"rendered":"\u0110\u00e1 Lai Ch\u00e2u L\u1ee3p M\u00e1i"},"content":{"rendered":"\n\t<section class=\"section\" id=\"section_1754193077\">\n\t\t<div class=\"section-bg fill\" >\n\t\t\t\t\t\t\t\t\t\n\t\t\t\n\n\t\t<\/div>\n\n\t\t\n\n\t\t<div class=\"section-content relative\">\n\t\t\t\n<div class=\"row\"  id=\"row-512577568\">\n\n\t<div id=\"col-55626857\" class=\"col small-12 large-12\"  >\n\t\t\t\t<div class=\"col-inner\"  >\n\t\t\t\n\t\t\t\n\t<div id=\"text-1407881239\" class=\"text\">\n\t\t\n<h2>\u0110\u00c1 LAI CH\u00c2U L\u1ee2P M\u00c1I<\/h2>\n\t\t\n<style>\n#text-1407881239 {\n  text-align: center;\n}\n<\/style>\n\t<\/div>\n\t\n\t<div class=\"img has-hover x md-x lg-x y md-y lg-y\" id=\"image_289877513\">\n\t\t\t\t\t\t\t\t<div class=\"img-inner dark\" >\n\t\t\t<img loading=\"lazy\" decoding=\"async\" width=\"760\" height=\"500\" src=\"https:\/\/blackslate.vn\/wp-content\/uploads\/2025\/11\/mai.jpg\" class=\"attachment-large size-large\" alt=\"\" srcset=\"https:\/\/blackslate.vn\/wp-content\/uploads\/2025\/11\/mai.jpg 760w, https:\/\/blackslate.vn\/wp-content\/uploads\/2025\/11\/mai-300x197.jpg 300w\" sizes=\"auto, (max-width: 760px) 100vw, 760px\" \/>\t\t\t\t\t\t\n\t\t\t\t\t<\/div>\n\t\t\t\t\t\t\t\t\n<style>\n#image_289877513 {\n  width: 100%;\n}\n<\/style>\n\t<\/div>\n\t\n\t<div id=\"text-3881798181\" class=\"text\">\n\t\t\n<div>\n<div>C\u00e1c k\u1ebft qu\u1ea3 ph\u00e2n t\u00edch th\u00ed nghi\u1ec7m cho th\u1ea5y \u0110\u00e1 Lai Ch\u00e2u c\u1ee7a C\u00f4ng ty TNHH T\u1eadp \u0110o\u00e0n XD v\u00e0 Th\u01b0\u01a1ng m\u1ea1i Hoa Ng\u1ecdc Minh \u0111\u1ea1t ti\u00eau chu\u1ea9n ch\u1ea5t l\u01b0\u1ee3ng Ph\u00e1p P32-301\/302 v\u00e0 ti\u00eau chu\u1ea9n Anh BS 680, x\u1ebfp lo\u1ea1i A theo ti\u00eau chu\u1ea9n qu\u1ed1c t\u1ebf.<\/div>\n<ul>\n<li>M\u00e0u s\u1eafc \u0111en tuy\u1ec1n, \u0111\u1ed3ng nh\u1ea5t, kh\u00f4ng phai m\u00e0u theo th\u1eddi gian.<\/li>\n<li>L\u00e0 v\u1eadt li\u1ec7u t\u1ef1 nhi\u00ean, th\u00e2n thi\u1ec7n m\u00f4i tr\u01b0\u1eddng.<\/li>\n<li>Kh\u00f4ng r\u00eau m\u1ed1c, kh\u00f4ng th\u1ea5m n\u01b0\u1edbc.<\/li>\n<li>Ch\u1ecbu nhi\u1ec7t t\u1ed1t, ch\u1ecbu l\u1ea1nh t\u1ed1t: kh\u00f4ng b\u1ecb t\u00e1ch v\u1ee1 ho\u1eb7c u\u1ed1n cong.<\/li>\n<li>C\u00e1ch \u0111i\u1ec7n, c\u00e1ch nhi\u1ec7t t\u1ed1t.<\/li>\n<li>Kh\u1ea3 n\u0103ng ch\u1ed1ng \u0103n m\u00f2n b\u1edfi c\u00e1c lo\u1ea1i Axit.<\/li>\n<li>\u0110\u1ed9 b\u1ec1n v\u0129nh c\u1eedu, ch\u1ecbu \u0111\u01b0\u1ee3c th\u1eddi ti\u1ebft kh\u1eafc nghi\u1ec7t.<\/li>\n<\/ul>\n<div>V\u1edbi v\u1ebb \u0111\u1eb9p trang nh\u00e3, sang tr\u1ecdng \u0111\u01b0\u1ee3m v\u1ebb c\u1ed5 k\u00ednh c\u1ee7a \u0110\u00e1 Lai Ch\u00e2u, m\u00e0u s\u1eafc \u0111en t\u1ef1 nhi\u00ean, th\u00e2n thi\u1ec7n v\u1edbi m\u00f4i tr\u01b0\u1eddng lu\u00f4n l\u00e0 l\u1ef1a ch\u1ecdn h\u00e0ng \u0111\u1ea7u cho c\u00e1c c\u00f4ng tr\u00ecnh, l\u00e0 ngu\u1ed3n c\u1ea3m h\u1ee9ng s\u00e1ng t\u1ea1o cho c\u00e1c ki\u1ebfn tr\u00fac s\u01b0 v\u00e0 nh\u1eefng nh\u00e0 thi\u1ebft k\u1ebf.<\/div>\n<\/div>\n\t\t\n<style>\n#text-3881798181 {\n  text-align: left;\n}\n<\/style>\n\t<\/div>\n\t\n\t\t<\/div>\n\t\t\t\t\t<\/div>\n\n\t\n<\/div>\n<div class=\"row\"  id=\"row-620199211\">\n\n\t<div id=\"col-742977598\" class=\"col medium-6 small-12 large-6\"  >\n\t\t\t\t<div class=\"col-inner\"  >\n\t\t\t\n\t\t\t\n<div class=\"container section-title-container\" ><h3 class=\"section-title section-title-center\"><b><\/b><span class=\"section-title-main\" style=\"color:rgb(207, 0, 0);\">\u0110\u00c1 L\u1ee2P M\u00c1I H\u00ccNH CH\u1eee NH\u1eacT<\/span><b><\/b><\/h3><\/div>\n\t<div class=\"img has-hover x md-x lg-x y md-y lg-y\" id=\"image_1022860284\">\n\t\t\t\t\t\t\t\t<div class=\"img-inner dark\" >\n\t\t\t<img loading=\"lazy\" decoding=\"async\" width=\"769\" height=\"475\" src=\"https:\/\/blackslate.vn\/wp-content\/uploads\/2025\/12\/du-an-thi-cong-biet-thu-thuc-te-tai-neohouse-anh-5-e1764577863998.jpg\" class=\"attachment-large size-large\" alt=\"\" srcset=\"https:\/\/blackslate.vn\/wp-content\/uploads\/2025\/12\/du-an-thi-cong-biet-thu-thuc-te-tai-neohouse-anh-5-e1764577863998.jpg 769w, https:\/\/blackslate.vn\/wp-content\/uploads\/2025\/12\/du-an-thi-cong-biet-thu-thuc-te-tai-neohouse-anh-5-e1764577863998-300x185.jpg 300w\" sizes=\"auto, (max-width: 769px) 100vw, 769px\" \/>\t\t\t\t\t\t\n\t\t\t\t\t<\/div>\n\t\t\t\t\t\t\t\t\n<style>\n#image_1022860284 {\n  width: 100%;\n}\n<\/style>\n\t<\/div>\n\t\n\t<div class=\"img has-hover x md-x lg-x y md-y lg-y\" id=\"image_652932951\">\n\t\t\t\t\t\t\t\t<div class=\"img-inner dark\" >\n\t\t\t<img loading=\"lazy\" decoding=\"async\" width=\"600\" height=\"209\" src=\"https:\/\/blackslate.vn\/wp-content\/uploads\/2025\/12\/tamnguyen-2025-12-01-luc-15.20.15.png\" class=\"attachment-large size-large\" alt=\"\" srcset=\"https:\/\/blackslate.vn\/wp-content\/uploads\/2025\/12\/tamnguyen-2025-12-01-luc-15.20.15.png 600w, https:\/\/blackslate.vn\/wp-content\/uploads\/2025\/12\/tamnguyen-2025-12-01-luc-15.20.15-300x105.png 300w\" sizes=\"auto, (max-width: 600px) 100vw, 600px\" \/>\t\t\t\t\t\t\n\t\t\t\t\t<\/div>\n\t\t\t\t\t\t\t\t\n<style>\n#image_652932951 {\n  width: 100%;\n}\n<\/style>\n\t<\/div>\n\t\n\t\t<\/div>\n\t\t\t\t\t<\/div>\n\n\t\n\n\t<div id=\"col-1919630853\" class=\"col medium-5 small-12 large-5\"  >\n\t\t\t\t<div class=\"col-inner\"  >\n\t\t\t\n\t\t\t\n<div class=\"container section-title-container\" ><h3 class=\"section-title section-title-center\"><b><\/b><span class=\"section-title-main\" style=\"color:rgb(207, 0, 0);\">\u0110\u00c1 L\u1ee2P M\u00c1I V\u1ea2Y C\u00c1<\/span><b><\/b><\/h3><\/div>\n\t<div class=\"img has-hover x md-x lg-x y md-y lg-y\" id=\"image_1463329809\">\n\t\t\t\t\t\t\t\t<div class=\"img-inner dark\" >\n\t\t\t<img loading=\"lazy\" decoding=\"async\" width=\"800\" height=\"646\" src=\"https:\/\/blackslate.vn\/wp-content\/uploads\/2025\/12\/vayca1.webp\" class=\"attachment-large size-large\" alt=\"\" srcset=\"https:\/\/blackslate.vn\/wp-content\/uploads\/2025\/12\/vayca1.webp 800w, https:\/\/blackslate.vn\/wp-content\/uploads\/2025\/12\/vayca1-300x242.webp 300w, https:\/\/blackslate.vn\/wp-content\/uploads\/2025\/12\/vayca1-768x620.webp 768w\" sizes=\"auto, (max-width: 800px) 100vw, 800px\" \/>\t\t\t\t\t\t\n\t\t\t\t\t<\/div>\n\t\t\t\t\t\t\t\t\n<style>\n#image_1463329809 {\n  width: 100%;\n}\n<\/style>\n\t<\/div>\n\t\n\t<div class=\"img has-hover x md-x lg-x y md-y lg-y\" id=\"image_1063927767\">\n\t\t\t\t\t\t\t\t<div class=\"img-inner dark\" >\n\t\t\t<img loading=\"lazy\" decoding=\"async\" width=\"600\" height=\"180\" src=\"https:\/\/blackslate.vn\/wp-content\/uploads\/2025\/12\/davayca.webp\" class=\"attachment-large size-large\" alt=\"\" srcset=\"https:\/\/blackslate.vn\/wp-content\/uploads\/2025\/12\/davayca.webp 600w, https:\/\/blackslate.vn\/wp-content\/uploads\/2025\/12\/davayca-300x90.webp 300w\" sizes=\"auto, (max-width: 600px) 100vw, 600px\" \/>\t\t\t\t\t\t\n\t\t\t\t\t<\/div>\n\t\t\t\t\t\t\t\t\n<style>\n#image_1063927767 {\n  width: 100%;\n}\n<\/style>\n\t<\/div>\n\t\n\t\t<\/div>\n\t\t\t\t\t<\/div>\n\n\t\n\n\t<div id=\"col-1308871438\" class=\"col medium-6 small-12 large-6\"  >\n\t\t\t\t<div class=\"col-inner\"  >\n\t\t\t\n\t\t\t\n<div class=\"container section-title-container\" ><h3 class=\"section-title section-title-center\"><b><\/b><span class=\"section-title-main\" style=\"color:rgb(207, 0, 0);\">\u0110\u00c1 L\u1ee2P M\u00c1I L\u1ee4C GI\u00c1C<\/span><b><\/b><\/h3><\/div>\n\t<div class=\"img has-hover x md-x lg-x y md-y lg-y\" id=\"image_1851357352\">\n\t\t\t\t\t\t\t\t<div class=\"img-inner dark\" >\n\t\t\t<img loading=\"lazy\" decoding=\"async\" width=\"613\" height=\"410\" src=\"https:\/\/blackslate.vn\/wp-content\/uploads\/2025\/11\/slate-den-lai-chau-lop-mai-hinh-da-giac-14x21cm_1588845548-copy-copy-copy-copy-min.jpg\" class=\"attachment-large size-large\" alt=\"H\u00ecnh \u1ea3nh s\u1ea3n ph\u1ea9m ng\u00f3i \u0111\u00e1 Lai Ch\u00e2u h\u00ecnh \u0111a gi\u00e1\" srcset=\"https:\/\/blackslate.vn\/wp-content\/uploads\/2025\/11\/slate-den-lai-chau-lop-mai-hinh-da-giac-14x21cm_1588845548-copy-copy-copy-copy-min.jpg 613w, https:\/\/blackslate.vn\/wp-content\/uploads\/2025\/11\/slate-den-lai-chau-lop-mai-hinh-da-giac-14x21cm_1588845548-copy-copy-copy-copy-min-300x201.jpg 300w\" sizes=\"auto, (max-width: 613px) 100vw, 613px\" \/>\t\t\t\t\t\t\n\t\t\t\t\t<\/div>\n\t\t\t\t\t\t\t\t\n<style>\n#image_1851357352 {\n  width: 100%;\n}\n<\/style>\n\t<\/div>\n\t\n\t<div class=\"img has-hover x md-x lg-x y md-y lg-y\" id=\"image_100766022\">\n\t\t\t\t\t\t\t\t<div class=\"img-inner dark\" >\n\t\t\t<img loading=\"lazy\" decoding=\"async\" width=\"600\" height=\"216\" src=\"https:\/\/blackslate.vn\/wp-content\/uploads\/2025\/12\/lucgiac.webp\" class=\"attachment-large size-large\" alt=\"\" srcset=\"https:\/\/blackslate.vn\/wp-content\/uploads\/2025\/12\/lucgiac.webp 600w, https:\/\/blackslate.vn\/wp-content\/uploads\/2025\/12\/lucgiac-300x108.webp 300w\" sizes=\"auto, (max-width: 600px) 100vw, 600px\" \/>\t\t\t\t\t\t\n\t\t\t\t\t<\/div>\n\t\t\t\t\t\t\t\t\n<style>\n#image_100766022 {\n  width: 100%;\n}\n<\/style>\n\t<\/div>\n\t\n\t<div class=\"img has-hover x md-x lg-x y md-y lg-y\" id=\"image_1778488723\">\n\t\t\t\t\t\t\t\t<div class=\"img-inner dark\" >\n\t\t\t<img loading=\"lazy\" decoding=\"async\" width=\"1020\" height=\"627\" src=\"https:\/\/blackslate.vn\/wp-content\/uploads\/2025\/12\/mailuclang-1024x629.webp\" class=\"attachment-large size-large\" alt=\"\" srcset=\"https:\/\/blackslate.vn\/wp-content\/uploads\/2025\/12\/mailuclang-1024x629.webp 1024w, https:\/\/blackslate.vn\/wp-content\/uploads\/2025\/12\/mailuclang-300x184.webp 300w, https:\/\/blackslate.vn\/wp-content\/uploads\/2025\/12\/mailuclang-768x472.webp 768w, https:\/\/blackslate.vn\/wp-content\/uploads\/2025\/12\/mailuclang.webp 1200w\" sizes=\"auto, (max-width: 1020px) 100vw, 1020px\" \/>\t\t\t\t\t\t\n\t\t\t\t\t<\/div>\n\t\t\t\t\t\t\t\t\n<style>\n#image_1778488723 {\n  width: 100%;\n}\n<\/style>\n\t<\/div>\n\t\n\t\t<\/div>\n\t\t\t\t\t<\/div>\n\n\t\n\n\t<div id=\"col-1797317284\" class=\"col medium-5 small-12 large-5\"  >\n\t\t\t\t<div class=\"col-inner\"  >\n\t\t\t\n\t\t\t\n<div class=\"container section-title-container\" ><h3 class=\"section-title section-title-center\"><b><\/b><span class=\"section-title-main\" style=\"color:rgb(207, 0, 0);\">PH\u01af\u01a0NG \u00c1N THI C\u00d4NG M\u00c1I \u0110\u00c1 LAI CH\u00c2U<\/span><b><\/b><\/h3><\/div>\n\t<div class=\"img has-hover x md-x lg-x y md-y lg-y\" id=\"image_1056291099\">\n\t\t\t\t\t\t\t\t<div class=\"img-inner dark\" >\n\t\t\t<img loading=\"lazy\" decoding=\"async\" width=\"800\" height=\"594\" src=\"https:\/\/blackslate.vn\/wp-content\/uploads\/2025\/12\/PHUONGAN.webp\" class=\"attachment-large size-large\" alt=\"\" srcset=\"https:\/\/blackslate.vn\/wp-content\/uploads\/2025\/12\/PHUONGAN.webp 800w, https:\/\/blackslate.vn\/wp-content\/uploads\/2025\/12\/PHUONGAN-300x223.webp 300w, https:\/\/blackslate.vn\/wp-content\/uploads\/2025\/12\/PHUONGAN-768x570.webp 768w\" sizes=\"auto, (max-width: 800px) 100vw, 800px\" \/>\t\t\t\t\t\t\n\t\t\t\t\t<\/div>\n\t\t\t\t\t\t\t\t\n<style>\n#image_1056291099 {\n  width: 100%;\n}\n<\/style>\n\t<\/div>\n\t\n\t<div class=\"img has-hover x md-x lg-x y md-y lg-y\" id=\"image_229275122\">\n\t\t\t\t\t\t\t\t<div class=\"img-inner dark\" >\n\t\t\t<img loading=\"lazy\" decoding=\"async\" width=\"700\" height=\"700\" src=\"https:\/\/blackslate.vn\/wp-content\/uploads\/2025\/12\/phuongan-1.webp\" class=\"attachment-large size-large\" alt=\"\" srcset=\"https:\/\/blackslate.vn\/wp-content\/uploads\/2025\/12\/phuongan-1.webp 700w, https:\/\/blackslate.vn\/wp-content\/uploads\/2025\/12\/phuongan-1-300x300.webp 300w, https:\/\/blackslate.vn\/wp-content\/uploads\/2025\/12\/phuongan-1-150x150.webp 150w, https:\/\/blackslate.vn\/wp-content\/uploads\/2025\/12\/phuongan-1-100x100.webp 100w\" sizes=\"auto, (max-width: 700px) 100vw, 700px\" \/>\t\t\t\t\t\t\n\t\t\t\t\t<\/div>\n\t\t\t\t\t\t\t\t\n<style>\n#image_229275122 {\n  width: 100%;\n}\n<\/style>\n\t<\/div>\n\t\n\t\t<\/div>\n\t\t\t\t\t<\/div>\n\n\t\n<\/div>\n\t\t<\/div>\n\n\t\t\n<style>\n#section_1754193077 {\n  padding-top: 30px;\n  padding-bottom: 30px;\n}\n<\/style>\n\t<\/section>\n\t\n","protected":false},"excerpt":{"rendered":"","protected":false},"author":2,"featured_media":0,"parent":0,"menu_order":0,"comment_status":"closed","ping_status":"closed","template":"page-blank.php","meta":{"_acf_changed":false,"footnotes":""},"class_list":["post-5740","page","type-page","status-publish","hentry"],"acf":[],"_links":{"self":[{"href":"https:\/\/blackslate.vn\/index.php?rest_route=\/wp\/v2\/pages\/5740","targetHints":{"allow":["GET"]}}],"collection":[{"href":"https:\/\/blackslate.vn\/index.php?rest_route=\/wp\/v2\/pages"}],"about":[{"href":"https:\/\/blackslate.vn\/index.php?rest_route=\/wp\/v2\/types\/page"}],"author":[{"embeddable":true,"href":"https:\/\/blackslate.vn\/index.php?rest_route=\/wp\/v2\/users\/2"}],"replies":[{"embeddable":true,"href":"https:\/\/blackslate.vn\/index.php?rest_route=%2Fwp%2Fv2%2Fcomments&post=5740"}],"version-history":[{"count":9,"href":"https:\/\/blackslate.vn\/index.php?rest_route=\/wp\/v2\/pages\/5740\/revisions"}],"predecessor-version":[{"id":5759,"href":"https:\/\/blackslate.vn\/index.php?rest_route=\/wp\/v2\/pages\/5740\/revisions\/5759"}],"wp:attachment":[{"href":"https:\/\/blackslate.vn\/index.php?rest_route=%2Fwp%2Fv2%2Fmedia&parent=5740"}],"curies":[{"name":"wp","href":"https:\/\/api.w.org\/{rel}","templated":true}]}}