{"id":5760,"date":"2025-12-01T15:35:48","date_gmt":"2025-12-01T08:35:48","guid":{"rendered":"https:\/\/blackslate.vn\/?page_id=5760"},"modified":"2025-12-01T15:48:22","modified_gmt":"2025-12-01T08:48:22","slug":"da-lai-chau-op-lat","status":"publish","type":"page","link":"https:\/\/blackslate.vn\/?page_id=5760","title":{"rendered":"\u0110\u00e1 Lai Ch\u00e2u \u1ed0p L\u00e1t"},"content":{"rendered":"\n\t<section class=\"section\" id=\"section_1975989864\">\n\t\t<div class=\"section-bg fill\" >\n\t\t\t\t\t\t\t\t\t\n\t\t\t\n\n\t\t<\/div>\n\n\t\t\n\n\t\t<div class=\"section-content relative\">\n\t\t\t\n<div class=\"row\"  id=\"row-839308877\">\n\n\t<div id=\"col-727700148\" class=\"col small-12 large-12\"  >\n\t\t\t\t<div class=\"col-inner\"  >\n\t\t\t\n\t\t\t\n\t<div id=\"text-1338379671\" class=\"text\">\n\t\t\n<h2>\u0110\u00c1 LAI CH\u00c2U \u1ed0P L\u00c1T<\/h2>\n\t\t\n<style>\n#text-1338379671 {\n  text-align: center;\n}\n<\/style>\n\t<\/div>\n\t\n<div class=\"row\"  id=\"row-1643642150\">\n\n\t<div id=\"col-1359815340\" class=\"col medium-6 small-12 large-6\"  >\n\t\t\t\t<div class=\"col-inner\"  >\n\t\t\t\n\t\t\t\n\t<div class=\"img has-hover x md-x lg-x y md-y lg-y\" id=\"image_185799976\">\n\t\t\t\t\t\t\t\t<div class=\"img-inner dark\" >\n\t\t\t<img loading=\"lazy\" decoding=\"async\" width=\"800\" height=\"480\" src=\"https:\/\/blackslate.vn\/wp-content\/uploads\/2025\/12\/oplat-1.webp\" class=\"attachment-large size-large\" alt=\"\" srcset=\"https:\/\/blackslate.vn\/wp-content\/uploads\/2025\/12\/oplat-1.webp 800w, https:\/\/blackslate.vn\/wp-content\/uploads\/2025\/12\/oplat-1-300x180.webp 300w, https:\/\/blackslate.vn\/wp-content\/uploads\/2025\/12\/oplat-1-768x461.webp 768w\" sizes=\"auto, (max-width: 800px) 100vw, 800px\" \/>\t\t\t\t\t\t\n\t\t\t\t\t<\/div>\n\t\t\t\t\t\t\t\t\n<style>\n#image_185799976 {\n  width: 100%;\n}\n<\/style>\n\t<\/div>\n\t\n\t\t<\/div>\n\t\t\t\t\t<\/div>\n\n\t\n\n\t<div id=\"col-572713948\" class=\"col medium-6 small-12 large-6\"  >\n\t\t\t\t<div class=\"col-inner\"  >\n\t\t\t\n\t\t\t\n\t<div class=\"img has-hover x md-x lg-x y md-y lg-y\" id=\"image_506806741\">\n\t\t\t\t\t\t\t\t<div class=\"img-inner dark\" >\n\t\t\t<img loading=\"lazy\" decoding=\"async\" width=\"800\" height=\"479\" src=\"https:\/\/blackslate.vn\/wp-content\/uploads\/2025\/12\/oplat-2.webp\" class=\"attachment-large size-large\" alt=\"\" srcset=\"https:\/\/blackslate.vn\/wp-content\/uploads\/2025\/12\/oplat-2.webp 800w, https:\/\/blackslate.vn\/wp-content\/uploads\/2025\/12\/oplat-2-300x180.webp 300w, https:\/\/blackslate.vn\/wp-content\/uploads\/2025\/12\/oplat-2-768x460.webp 768w\" sizes=\"auto, (max-width: 800px) 100vw, 800px\" \/>\t\t\t\t\t\t\n\t\t\t\t\t<\/div>\n\t\t\t\t\t\t\t\t\n<style>\n#image_506806741 {\n  width: 100%;\n}\n<\/style>\n\t<\/div>\n\t\n\t\t<\/div>\n\t\t\t\t\t<\/div>\n\n\t\n<\/div>\n<div class=\"row\"  id=\"row-1693019332\">\n\n\t<div id=\"col-2036754274\" class=\"col medium-4 small-12 large-4\"  >\n\t\t\t\t<div class=\"col-inner\"  >\n\t\t\t\n\t\t\t\n\t<div class=\"img has-hover x md-x lg-x y md-y lg-y\" id=\"image_724570569\">\n\t\t\t\t\t\t\t\t<div class=\"img-inner dark\" >\n\t\t\t<img loading=\"lazy\" decoding=\"async\" width=\"800\" height=\"600\" src=\"https:\/\/blackslate.vn\/wp-content\/uploads\/2025\/12\/OP-1.webp\" class=\"attachment-large size-large\" alt=\"\" srcset=\"https:\/\/blackslate.vn\/wp-content\/uploads\/2025\/12\/OP-1.webp 800w, https:\/\/blackslate.vn\/wp-content\/uploads\/2025\/12\/OP-1-300x225.webp 300w, https:\/\/blackslate.vn\/wp-content\/uploads\/2025\/12\/OP-1-768x576.webp 768w\" sizes=\"auto, (max-width: 800px) 100vw, 800px\" \/>\t\t\t\t\t\t\n\t\t\t\t\t<\/div>\n\t\t\t\t\t\t\t\t\n<style>\n#image_724570569 {\n  width: 100%;\n}\n<\/style>\n\t<\/div>\n\t\n\t\t<\/div>\n\t\t\t\t\t<\/div>\n\n\t\n\n\t<div id=\"col-988636178\" class=\"col medium-4 small-12 large-4\"  >\n\t\t\t\t<div class=\"col-inner\"  >\n\t\t\t\n\t\t\t\n\t<div class=\"img has-hover x md-x lg-x y md-y lg-y\" id=\"image_1891171397\">\n\t\t\t\t\t\t\t\t<div class=\"img-inner image-cover dark\" style=\"padding-top:75%;\">\n\t\t\t<img loading=\"lazy\" decoding=\"async\" width=\"819\" height=\"729\" src=\"https:\/\/blackslate.vn\/wp-content\/uploads\/2025\/12\/op-2.webp\" class=\"attachment-large size-large\" alt=\"\" srcset=\"https:\/\/blackslate.vn\/wp-content\/uploads\/2025\/12\/op-2.webp 819w, https:\/\/blackslate.vn\/wp-content\/uploads\/2025\/12\/op-2-300x267.webp 300w, https:\/\/blackslate.vn\/wp-content\/uploads\/2025\/12\/op-2-768x684.webp 768w\" sizes=\"auto, (max-width: 819px) 100vw, 819px\" \/>\t\t\t\t\t\t\n\t\t\t\t\t<\/div>\n\t\t\t\t\t\t\t\t\n<style>\n#image_1891171397 {\n  width: 100%;\n}\n<\/style>\n\t<\/div>\n\t\n\t\t<\/div>\n\t\t\t\t\t<\/div>\n\n\t\n\n\t<div id=\"col-1033035926\" class=\"col medium-4 small-12 large-4\"  >\n\t\t\t\t<div class=\"col-inner\"  >\n\t\t\t\n\t\t\t\n\t<div class=\"img has-hover x md-x lg-x y md-y lg-y\" id=\"image_1313723684\">\n\t\t\t\t\t\t\t\t<div class=\"img-inner dark\" >\n\t\t\t<img loading=\"lazy\" decoding=\"async\" width=\"460\" height=\"345\" src=\"https:\/\/blackslate.vn\/wp-content\/uploads\/2025\/12\/op3.jpg\" class=\"attachment-large size-large\" alt=\"\" srcset=\"https:\/\/blackslate.vn\/wp-content\/uploads\/2025\/12\/op3.jpg 460w, https:\/\/blackslate.vn\/wp-content\/uploads\/2025\/12\/op3-300x225.jpg 300w\" sizes=\"auto, (max-width: 460px) 100vw, 460px\" \/>\t\t\t\t\t\t\n\t\t\t\t\t<\/div>\n\t\t\t\t\t\t\t\t\n<style>\n#image_1313723684 {\n  width: 100%;\n}\n<\/style>\n\t<\/div>\n\t\n\t\t<\/div>\n\t\t\t\t\t<\/div>\n\n\t\n<\/div>\n\t\t<\/div>\n\t\t\t\t\t<\/div>\n\n\t\n\n\t<div id=\"col-729292557\" class=\"col small-12 large-12\"  >\n\t\t\t\t<div class=\"col-inner\"  >\n\t\t\t\n\t\t\t\n<p>\u0110\u00e1 Lai Ch\u00e2u \u1ed1p l\u00e1t (\u0110\u00e1 \u0111en) \u0111\u01b0\u1ee3c \u1ee9ng d\u1ee5ng r\u1ed9ng r\u00e3i trong thi\u1ebft k\u1ebf n\u1ed9i th\u1ea5t, ngo\u1ea1i th\u1ea5t, c\u1ea3nh quan, s\u00e2n v\u01b0\u1eddn. C\u00e1c s\u1ea3n ph\u1ea9m \u0110\u00e1 Lai Ch\u00e2u c\u00f3 nh\u1eefng t\u00ednh n\u0103ng \u01b0u vi\u1ec7t n\u1ed5i b\u1eadt \u0111\u01b0\u1ee3c t\u1ea1o n\u00ean b\u1edfi m\u00e0u s\u1eafc t\u1ef1 nhi\u00ean, sang tr\u1ecdng, c\u1ed5 k\u00ednh l\u00e0m t\u0103ng th\u00eam gi\u00e1 tr\u1ecb th\u1ea9m m\u1ef9 cho c\u00e1c c\u00f4ng tr\u00ecnh nh\u01b0: c\u00e1c bi\u1ec7t th\u1ef1, l\u00e2u \u0111\u00e0i, kh\u00e1ch s\u1ea1n, resort.<\/p>\n<p>* M\u00e0u s\u1eafc t\u1ef1 nhi\u00ean, kh\u00f4ng phai m\u00e0u theo th\u1eddi gian.<\/p>\n<p>* Kh\u00f4ng r\u00eau m\u1ed1c, kh\u00f4ng th\u1ea5m n\u01b0\u1edbc<\/p>\n<p>* Kh\u00f4ng tr\u01a1n tr\u01b0\u1ee3t, kh\u00f4ng \u0111\u1ed5 m\u1ed3 h\u00f4i, kh\u00f4ng n\u1ed3m<\/p>\n<p>* C\u00e1ch \u0111i\u1ec7n, c\u00e1ch nhi\u1ec7t t\u1ed1t. \u0110\u1ed9 b\u1ec1n v\u0129nh c\u1eedu<\/p>\n<p>* Ch\u1ed3ng \u0103n m\u00f2n b\u1edfi c\u00e1c lo\u1ea1i Axit.<\/p>\n\t\t<\/div>\n\t\t\t\t\t<\/div>\n\n\t\n<\/div>\n\t\t<\/div>\n\n\t\t\n<style>\n#section_1975989864 {\n  padding-top: 30px;\n  padding-bottom: 30px;\n}\n<\/style>\n\t<\/section>\n\t\n","protected":false},"excerpt":{"rendered":"","protected":false},"author":2,"featured_media":0,"parent":0,"menu_order":0,"comment_status":"closed","ping_status":"closed","template":"page-blank.php","meta":{"_acf_changed":false,"footnotes":""},"class_list":["post-5760","page","type-page","status-publish","hentry"],"acf":[],"_links":{"self":[{"href":"https:\/\/blackslate.vn\/index.php?rest_route=\/wp\/v2\/pages\/5760","targetHints":{"allow":["GET"]}}],"collection":[{"href":"https:\/\/blackslate.vn\/index.php?rest_route=\/wp\/v2\/pages"}],"about":[{"href":"https:\/\/blackslate.vn\/index.php?rest_route=\/wp\/v2\/types\/page"}],"author":[{"embeddable":true,"href":"https:\/\/blackslate.vn\/index.php?rest_route=\/wp\/v2\/users\/2"}],"replies":[{"embeddable":true,"href":"https:\/\/blackslate.vn\/index.php?rest_route=%2Fwp%2Fv2%2Fcomments&post=5760"}],"version-history":[{"count":4,"href":"https:\/\/blackslate.vn\/index.php?rest_route=\/wp\/v2\/pages\/5760\/revisions"}],"predecessor-version":[{"id":5772,"href":"https:\/\/blackslate.vn\/index.php?rest_route=\/wp\/v2\/pages\/5760\/revisions\/5772"}],"wp:attachment":[{"href":"https:\/\/blackslate.vn\/index.php?rest_route=%2Fwp%2Fv2%2Fmedia&parent=5760"}],"curies":[{"name":"wp","href":"https:\/\/api.w.org\/{rel}","templated":true}]}}